{"id":2,"date":"2024-11-07T13:32:50","date_gmt":"2024-11-07T12:32:50","guid":{"rendered":"https:\/\/www.grottocastagneto.ch\/?page_id=2"},"modified":"2025-03-20T20:12:58","modified_gmt":"2025-03-20T19:12:58","slug":"pagina-di-esempio","status":"publish","type":"page","link":"https:\/\/www.grottocastagneto.ch\/?page_id=2","title":{"rendered":"Il Grotto Castagneto"},"content":{"rendered":"\n<p class=\"has-medium-font-size\"><em><strong>Un vero autentico Grotto Ticinese sin dagli anni 60&#8242;<\/strong><\/em><\/p>\n\n\n\n<p> <\/p>\n\n\n\n<p>Da Lugano salite in cima al <strong>Monte Br\u00e8<\/strong> e troverete diverse indicazioni che vi porteranno al ristorante proprio all&#8217;ingresso del piccolo borgo di Bre&#8217;. <\/p>\n\n\n\n<p>Al <strong>Grotto Castagneto<\/strong> troverete la classica cucina ticinese, unita alla semplicit\u00e0 e flessibilit\u00e0 della <strong>Gestione Familiare<\/strong>.<\/p>\n\n\n\n<p>Il <strong>Grotto Castagneto<\/strong>&nbsp;\u00e8 la classica casa di montagna dove potrete trovare prodotti tipici, cucinati e serviti con passione.<br>La gestione familiare di <strong>Roberto e Cristina<\/strong>, l&#8217;accoglienza e l&#8217;attenzione verso il cliente fanno sentire gli ospiti parte di una grande famiglia!<br>Il <strong>Grotto Castagneto<\/strong> offre una piccola sala interna, ma soprattutto una grande area all\u2019aperto, sotto la nuova pergola.<\/p>\n\n\n\n<p>Potrete utilizzare diverse sedute all\u2019aperto per pranzare o cenare godendovi il fresco del bosco immerso nella tranquillit\u00e0 della natura dove assaggerete il meglio dei prodotti tipici del Ticino.<\/p>\n\n\n\n<p>Grazie all\u2019ampia griglia esterna, potrete gustare le nostre rinomate e conosciute Puntine di maiale, passando in spensieratezza momenti felici con la giusta compagnia e gli ottimi piatti.<\/p>\n\n\n\n<p>Vi offriamo vini tipici, birre e gazzose ticinesi. <\/p>\n\n\n\n<p>Hai un amico a <strong>quattro zampe<\/strong>? Portalo con te al Grotto Castagneto! Saremo felici di accoglierlo, anche all&#8217;interno! Inoltre, per lui a disposizione l&#8217;area esterna e la pergola!<\/p>\n\n\n\n<p><strong>Tel. 091 971 0697 &#8211; WhatsApp 076 3897066<\/strong><\/p>\n\n\n\n<p><strong>grottocastagneto@gmail.com<\/strong><\/p>\n\n\n\n<p><\/p>\n","protected":false},"excerpt":{"rendered":"<p>Un vero autentico Grotto Ticinese sin dagli anni 60&#8242; Da Lugano salite in cima al Monte Br\u00e8 e troverete diverse indicazioni che vi porteranno al ristorante proprio all&#8217;ingresso del piccolo borgo di Bre&#8217;. Al Grotto Castagneto troverete la classica cucina ticinese, unita alla semplicit\u00e0 e flessibilit\u00e0 della Gestione Familiare. Il Grotto Castagneto&nbsp;\u00e8 la classica casa [&hellip;]<\/p>\n","protected":false},"author":1,"featured_media":0,"parent":0,"menu_order":0,"comment_status":"closed","ping_status":"closed","template":"","meta":[],"_links":{"self":[{"href":"https:\/\/www.grottocastagneto.ch\/index.php?rest_route=\/wp\/v2\/pages\/2"}],"collection":[{"href":"https:\/\/www.grottocastagneto.ch\/index.php?rest_route=\/wp\/v2\/pages"}],"about":[{"href":"https:\/\/www.grottocastagneto.ch\/index.php?rest_route=\/wp\/v2\/types\/page"}],"author":[{"embeddable":true,"href":"https:\/\/www.grottocastagneto.ch\/index.php?rest_route=\/wp\/v2\/users\/1"}],"replies":[{"embeddable":true,"href":"https:\/\/www.grottocastagneto.ch\/index.php?rest_route=%2Fwp%2Fv2%2Fcomments&post=2"}],"version-history":[{"count":13,"href":"https:\/\/www.grottocastagneto.ch\/index.php?rest_route=\/wp\/v2\/pages\/2\/revisions"}],"predecessor-version":[{"id":38,"href":"https:\/\/www.grottocastagneto.ch\/index.php?rest_route=\/wp\/v2\/pages\/2\/revisions\/38"}],"wp:attachment":[{"href":"https:\/\/www.grottocastagneto.ch\/index.php?rest_route=%2Fwp%2Fv2%2Fmedia&parent=2"}],"curies":[{"name":"wp","href":"https:\/\/api.w.org\/{rel}","templated":true}]}}